{"id":48,"date":"2017-12-06T15:38:46","date_gmt":"2017-12-06T15:38:46","guid":{"rendered":"https:\/\/evadne.fr\/?page_id=48"},"modified":"2017-12-06T15:49:36","modified_gmt":"2017-12-06T15:49:36","slug":"a-propos","status":"publish","type":"page","link":"https:\/\/www.evadne.fr\/index.php\/a-propos\/","title":{"rendered":"Qui sommes-nous ?"},"content":{"rendered":"<p>Nous sommes deux ex-enseignantes de Lettres Classiques et Modernes, avec plus de 30 ans d\u2019exp\u00e9riences vari\u00e9es dans l\u2019enseignement, et le d\u00e9sir commun de g\u00e9rer un site, la volont\u00e9 d\u2019entreprendre dans un nouveau domaine. Nous d\u00e9couvrons la possibilit\u00e9 de r\u00e9aliser cette opportunit\u00e9 en vous proposant un site ax\u00e9e sur la litt\u00e9rature, qui est notre grande passion.<\/p>\n<p>En plus de la litt\u00e9rature fran\u00e7aise et \u00e9trang\u00e8re nous vous proposons des th\u00e8mes sp\u00e9cialis\u00e9s avec\u00a0: un secteur sciences humaines, un rayon important en arts du spectacle, en po\u00e9sie, guides et litt\u00e9rature de voyage, policiers&#8230;<\/p>\n<h3>D&#8217;o\u00f9 vient Evadne ?<\/h3>\n<p>EVE\u00a0en H\u00e9breu, fille de Pos\u00e9idon et de la nymphe Pitan\u00e9e, elle fut \u00e9lev\u00e9e par Aepytos et s\u00e9duite par Apollon.\u00a0 Son fils Iamos n\u00e9 de cet amour recevra le don de proph\u00e9tie et deviendra\u00a0l\u2019anc\u00eatre\u00a0d\u2019une\u00a0famille\u00a0de\u00a0devins dont la l\u00e9gende est racont\u00e9e par Pindare.<\/p>\n<h3 style=\"text-align: center;\" align=\"center\">Evadne : Po\u00e8me de Ren\u00e9 Char<\/h3>\n<p style=\"text-align: center;\" align=\"center\"><em>\u00a0L\u2019\u00e9t\u00e9 et notre vie \u00e9tions d\u2019un seul tenant<\/em><\/p>\n<p style=\"text-align: center;\" align=\"center\"><em>La campagne mangeait la couleur de ta robe odorante<\/em><\/p>\n<p style=\"text-align: center;\" align=\"center\"><em>Avidit\u00e9 et contrainte s\u2019\u00e9taient r\u00e9concili\u00e9es<\/em><\/p>\n<p style=\"text-align: center;\" align=\"center\"><em>Le ch\u00e2teau de Maubec s\u2019enfon\u00e7ait dans l\u2019argile<\/em><\/p>\n<p style=\"text-align: center;\" align=\"center\"><em>Bient\u00f4t s\u2019effondrerait le roulis de sa lyre<\/em><\/p>\n<p style=\"text-align: center;\" align=\"center\"><em>La violence des plantes nous faisait vaciller<\/em><\/p>\n<p style=\"text-align: center;\" align=\"center\"><em>Un corbeau rameur sombre d\u00e9viant de l\u2019escadre<\/em><\/p>\n<p style=\"text-align: center;\" align=\"center\"><em>Sur le muet silex de midi \u00e9cartel\u00e9<\/em><\/p>\n<p style=\"text-align: center;\" align=\"center\"><em>Accompagnait notre entente aux mouvements tendres<\/em><\/p>\n<p style=\"text-align: center;\" align=\"center\"><em>La faucille partout devait se reposer<\/em><\/p>\n<p style=\"text-align: center;\" align=\"center\"><em>Notre raret\u00e9 commen\u00e7ait un r\u00e8gne<\/em><\/p>\n<p style=\"text-align: center;\" align=\"center\"><em>(Le vent insomnieux qui nous ride la paupi\u00e8re<\/em><\/p>\n<p style=\"text-align: center;\" align=\"center\"><em>En tournant chaque nuit la page consentie<\/em><\/p>\n<p style=\"text-align: center;\" align=\"center\"><em>Veut que chaque part de toi que je retienne<\/em><\/p>\n<p style=\"text-align: center;\" align=\"center\"><em>Soit \u00e9tendue \u00e0 un pays d\u2019\u00e2ge affam\u00e9 et de larmier g\u00e9ant)<\/em><\/p>\n<p style=\"text-align: center;\" align=\"center\"><em>C\u2019\u00e9tait au d\u00e9but d\u2019adorables ann\u00e9es<\/em><\/p>\n<p style=\"text-align: center;\" align=\"center\"><em>La terre nous aimait un peu je me souviens.<\/em><\/p>\n<p style=\"text-align: right;\" align=\"center\">\u00a0\u00a0\u00a0\u00a0\u00a0\u00a0\u00a0\u00a0\u00a0\u00a0\u00a0\u00a0\u00a0\u00a0\u00a0\u00a0\u00a0\u00a0\u00a0\u00a0\u00a0\u00a0\u00a0\u00a0\u00a0\u00a0\u00a0\u00a0\u00a0\u00a0\u00a0\u00a0\u00a0\u00a0\u00a0\u00a0\u00a0\u00a0\u00a0\u00a0<em>\u00a0\u00a0\u00a0\u00a0\u00a0\u00a0\u00a0\u00a0\u00a0\u00a0\u00a0\u00a0Ren\u00e9 Char\u00a0Fureur et myst\u00e8re\u00a0Ed. Gallimard 1967<\/em><\/p>\n","protected":false},"excerpt":{"rendered":"<p>Nous sommes deux ex-enseignantes de Lettres Classiques et Modernes, avec<span class=\"more-dots\"><a href=\"https:\/\/www.evadne.fr\/index.php\/a-propos\/\">[ &#8230; ]<\/span><\/a><\/p>\n","protected":false},"author":1,"featured_media":0,"parent":0,"menu_order":0,"comment_status":"closed","ping_status":"closed","template":"","meta":{"footnotes":""},"class_list":["post-48","page","type-page","status-publish","hentry"],"yoast_head":"<!-- This site is optimized with the Yoast SEO plugin v27.5 - https:\/\/yoast.com\/product\/yoast-seo-wordpress\/ -->\n<title>Qui sommes-nous ? - Evadne<\/title>\n<meta name=\"robots\" content=\"index, follow, max-snippet:-1, max-image-preview:large, max-video-preview:-1\" \/>\n<link rel=\"canonical\" href=\"https:\/\/www.evadne.fr\/index.php\/a-propos\/\" \/>\n<meta property=\"og:locale\" content=\"fr_FR\" \/>\n<meta property=\"og:type\" content=\"article\" \/>\n<meta property=\"og:title\" content=\"Qui sommes-nous ? - Evadne\" \/>\n<meta property=\"og:description\" content=\"Nous sommes deux ex-enseignantes de Lettres Classiques et Modernes, avec[ ... ]\" \/>\n<meta property=\"og:url\" content=\"https:\/\/www.evadne.fr\/index.php\/a-propos\/\" \/>\n<meta property=\"og:site_name\" content=\"Evadne\" \/>\n<meta property=\"article:modified_time\" content=\"2017-12-06T15:49:36+00:00\" \/>\n<meta name=\"twitter:card\" content=\"summary_large_image\" \/>\n<meta name=\"twitter:label1\" content=\"Dur\u00e9e de lecture estim\u00e9e\" \/>\n\t<meta name=\"twitter:data1\" content=\"2 minutes\" \/>\n<script type=\"application\/ld+json\" class=\"yoast-schema-graph\">{\"@context\":\"https:\\\/\\\/schema.org\",\"@graph\":[{\"@type\":\"WebPage\",\"@id\":\"https:\\\/\\\/www.evadne.fr\\\/index.php\\\/a-propos\\\/\",\"url\":\"https:\\\/\\\/www.evadne.fr\\\/index.php\\\/a-propos\\\/\",\"name\":\"Qui sommes-nous ? - Evadne\",\"isPartOf\":{\"@id\":\"https:\\\/\\\/www.evadne.fr\\\/#website\"},\"datePublished\":\"2017-12-06T15:38:46+00:00\",\"dateModified\":\"2017-12-06T15:49:36+00:00\",\"breadcrumb\":{\"@id\":\"https:\\\/\\\/www.evadne.fr\\\/index.php\\\/a-propos\\\/#breadcrumb\"},\"inLanguage\":\"fr-FR\",\"potentialAction\":[{\"@type\":\"ReadAction\",\"target\":[\"https:\\\/\\\/www.evadne.fr\\\/index.php\\\/a-propos\\\/\"]}]},{\"@type\":\"BreadcrumbList\",\"@id\":\"https:\\\/\\\/www.evadne.fr\\\/index.php\\\/a-propos\\\/#breadcrumb\",\"itemListElement\":[{\"@type\":\"ListItem\",\"position\":1,\"name\":\"Home\",\"item\":\"https:\\\/\\\/www.evadne.fr\\\/\"},{\"@type\":\"ListItem\",\"position\":2,\"name\":\"Qui sommes-nous ?\"}]},{\"@type\":\"WebSite\",\"@id\":\"https:\\\/\\\/www.evadne.fr\\\/#website\",\"url\":\"https:\\\/\\\/www.evadne.fr\\\/\",\"name\":\"Evadne\",\"description\":\"Le plaisir de lire\",\"potentialAction\":[{\"@type\":\"SearchAction\",\"target\":{\"@type\":\"EntryPoint\",\"urlTemplate\":\"https:\\\/\\\/www.evadne.fr\\\/?s={search_term_string}\"},\"query-input\":{\"@type\":\"PropertyValueSpecification\",\"valueRequired\":true,\"valueName\":\"search_term_string\"}}],\"inLanguage\":\"fr-FR\"}]}<\/script>\n<!-- \/ Yoast SEO plugin. -->","yoast_head_json":{"title":"Qui sommes-nous ? - Evadne","robots":{"index":"index","follow":"follow","max-snippet":"max-snippet:-1","max-image-preview":"max-image-preview:large","max-video-preview":"max-video-preview:-1"},"canonical":"https:\/\/www.evadne.fr\/index.php\/a-propos\/","og_locale":"fr_FR","og_type":"article","og_title":"Qui sommes-nous ? - Evadne","og_description":"Nous sommes deux ex-enseignantes de Lettres Classiques et Modernes, avec[ ... ]","og_url":"https:\/\/www.evadne.fr\/index.php\/a-propos\/","og_site_name":"Evadne","article_modified_time":"2017-12-06T15:49:36+00:00","twitter_card":"summary_large_image","twitter_misc":{"Dur\u00e9e de lecture estim\u00e9e":"2 minutes"},"schema":{"@context":"https:\/\/schema.org","@graph":[{"@type":"WebPage","@id":"https:\/\/www.evadne.fr\/index.php\/a-propos\/","url":"https:\/\/www.evadne.fr\/index.php\/a-propos\/","name":"Qui sommes-nous ? - Evadne","isPartOf":{"@id":"https:\/\/www.evadne.fr\/#website"},"datePublished":"2017-12-06T15:38:46+00:00","dateModified":"2017-12-06T15:49:36+00:00","breadcrumb":{"@id":"https:\/\/www.evadne.fr\/index.php\/a-propos\/#breadcrumb"},"inLanguage":"fr-FR","potentialAction":[{"@type":"ReadAction","target":["https:\/\/www.evadne.fr\/index.php\/a-propos\/"]}]},{"@type":"BreadcrumbList","@id":"https:\/\/www.evadne.fr\/index.php\/a-propos\/#breadcrumb","itemListElement":[{"@type":"ListItem","position":1,"name":"Home","item":"https:\/\/www.evadne.fr\/"},{"@type":"ListItem","position":2,"name":"Qui sommes-nous ?"}]},{"@type":"WebSite","@id":"https:\/\/www.evadne.fr\/#website","url":"https:\/\/www.evadne.fr\/","name":"Evadne","description":"Le plaisir de lire","potentialAction":[{"@type":"SearchAction","target":{"@type":"EntryPoint","urlTemplate":"https:\/\/www.evadne.fr\/?s={search_term_string}"},"query-input":{"@type":"PropertyValueSpecification","valueRequired":true,"valueName":"search_term_string"}}],"inLanguage":"fr-FR"}]}},"jetpack_sharing_enabled":true,"_links":{"self":[{"href":"https:\/\/www.evadne.fr\/index.php\/wp-json\/wp\/v2\/pages\/48","targetHints":{"allow":["GET"]}}],"collection":[{"href":"https:\/\/www.evadne.fr\/index.php\/wp-json\/wp\/v2\/pages"}],"about":[{"href":"https:\/\/www.evadne.fr\/index.php\/wp-json\/wp\/v2\/types\/page"}],"author":[{"embeddable":true,"href":"https:\/\/www.evadne.fr\/index.php\/wp-json\/wp\/v2\/users\/1"}],"replies":[{"embeddable":true,"href":"https:\/\/www.evadne.fr\/index.php\/wp-json\/wp\/v2\/comments?post=48"}],"version-history":[{"count":0,"href":"https:\/\/www.evadne.fr\/index.php\/wp-json\/wp\/v2\/pages\/48\/revisions"}],"wp:attachment":[{"href":"https:\/\/www.evadne.fr\/index.php\/wp-json\/wp\/v2\/media?parent=48"}],"curies":[{"name":"wp","href":"https:\/\/api.w.org\/{rel}","templated":true}]}}